{"id":4907,"date":"2026-03-25T17:20:21","date_gmt":"2026-03-25T16:20:21","guid":{"rendered":"https:\/\/manuevasion.com\/?page_id=4907"},"modified":"2026-03-28T09:55:00","modified_gmt":"2026-03-28T08:55:00","slug":"la-capadoce-en-turquie","status":"publish","type":"page","link":"https:\/\/manuevasion.com\/?page_id=4907","title":{"rendered":"Projet 2027 La Cappadoce en Turquie"},"content":{"rendered":"\n<p><span class=\"highlight\">Date du voyage pr\u00e9vue 2e quinzaine de juin 2027<\/span> (les dates officielles ne seront connues qu&rsquo;en fin d&rsquo;ann\u00e9e 2026)<\/p>\n\n\n\n<p><strong>Si vous souhaitez avoir les informations sur les tarif-dates,<br>dans un premier temps, remplissez le formulaire ci-joint en cliquant sur le lien ci-joint et envoyez :<\/strong><\/p>\n\n\n\n<p class=\"has-text-align-center\"><p><a href=\"https:\/\/tinyurl.com\/mr86jamh\"><strong>https:\/\/tinyurl.com\/mr86jamh<\/strong><\/a><\/p><\/p>\n\n\n<div class=\"wp-block-image\">\n<figure class=\"aligncenter size-full is-resized\"><img loading=\"lazy\" decoding=\"async\" width=\"431\" height=\"431\" src=\"https:\/\/manuevasion.com\/wp-content\/uploads\/2026\/03\/mr86jamh-qr.png\" alt=\"\" class=\"wp-image-4898\" style=\"width:203px;height:auto\" srcset=\"https:\/\/manuevasion.com\/wp-content\/uploads\/2026\/03\/mr86jamh-qr.png 431w, https:\/\/manuevasion.com\/wp-content\/uploads\/2026\/03\/mr86jamh-qr-300x300.png 300w, https:\/\/manuevasion.com\/wp-content\/uploads\/2026\/03\/mr86jamh-qr-150x150.png 150w, https:\/\/manuevasion.com\/wp-content\/uploads\/2026\/03\/mr86jamh-qr-180x180.png 180w\" sizes=\"auto, (max-width: 431px) 100vw, 431px\" \/><\/figure>\n<\/div>\n\n\n<div style=\"height:100px\" aria-hidden=\"true\" class=\"wp-block-spacer\"><\/div>\n\n\n\n<details class=\"wp-block-details is-layout-flow wp-block-details-is-layout-flow\"><summary><strong>Vous pouvez \u00e9diter ais\u00e9ment le programme, en cliquant sur le carr\u00e9 gris au dessus de Turquie tout \u00e0 fait \u00e0 droite<\/strong><\/summary>\n<p><\/p>\n\n\n<iframe loading=\"lazy\" class=\"embed-pdf-viewer\" src=\"https:\/\/manuevasion.com\/wp-content\/uploads\/2026\/03\/Turquie-Programme-1-1.pdf\" height=\"600\" width=\"600\" title=\"Turquie Programme\"><\/iframe><\/details>\n\n\n<iframe loading=\"lazy\" class=\"embed-pdf-viewer\" src=\"https:\/\/manuevasion.com\/wp-content\/uploads\/2026\/03\/Turquie-Programme-1-2.pdf\" height=\"600\" width=\"600\" title=\"Turquie Programme\"><\/iframe>\n\n<div class=\"wp-block-image\">\n<figure class=\"aligncenter size-full\"><img loading=\"lazy\" decoding=\"async\" width=\"619\" height=\"366\" src=\"https:\/\/manuevasion.com\/wp-content\/uploads\/2026\/03\/message-davertissement.png\" alt=\"\" class=\"wp-image-4886\" srcset=\"https:\/\/manuevasion.com\/wp-content\/uploads\/2026\/03\/message-davertissement.png 619w, https:\/\/manuevasion.com\/wp-content\/uploads\/2026\/03\/message-davertissement-300x177.png 300w\" sizes=\"auto, (max-width: 619px) 100vw, 619px\" \/><\/figure>\n<\/div>\n\n\n<div class=\"wp-block-embedpress-youtube-block\"><div id=\"ep-gutenberg-content-d41d8cd98f00b204e9800998ecf8427e\" class=\"ep-gutenberg-content\"><div class=\"embedpress-youtube-embed ep-fixed-width\" style=\"max-width:100%;width:600px;height:450px\" data-embed-type=\"YouTube\"><iframe loading=\"lazy\" src=\"https:\/\/www.youtube.com\/embed\/zCB2pXv1e48\" style=\"max-width:100%;height:100%\" frameborder=\"0\" width=\"600\" height=\"450\" allowfullscreen title=\"ZCB2pXv1e48\"><\/iframe><\/div><\/div><\/div>\n<!--CusAds0-->\n<div style=\"font-size: 0px; height: 0px; line-height: 0px; margin: 0; padding: 0; clear: both;\"><\/div>","protected":false},"excerpt":{"rendered":"<p>Date du voyage pr\u00e9vue 2e quinzaine de juin 2027 (les dates officielles ne seront connues qu&rsquo;en fin d&rsquo;ann\u00e9e 2026) Si vous souhaitez avoir les informations sur les tarif-dates,dans un premier temps, remplissez le formulaire ci-joint en cliquant sur le lien ci-joint et envoyez : https:\/\/tinyurl.com\/mr86jamh<\/p>\n","protected":false},"author":1,"featured_media":0,"parent":0,"menu_order":0,"comment_status":"closed","ping_status":"closed","template":"","meta":{"_themeisle_gutenberg_block_has_review":false,"h5ap_radio_sources":[],"footnotes":""},"class_list":["post-4907","page","type-page","status-publish","hentry","without-featured-image"],"_links":{"self":[{"href":"https:\/\/manuevasion.com\/index.php?rest_route=\/wp\/v2\/pages\/4907","targetHints":{"allow":["GET"]}}],"collection":[{"href":"https:\/\/manuevasion.com\/index.php?rest_route=\/wp\/v2\/pages"}],"about":[{"href":"https:\/\/manuevasion.com\/index.php?rest_route=\/wp\/v2\/types\/page"}],"author":[{"embeddable":true,"href":"https:\/\/manuevasion.com\/index.php?rest_route=\/wp\/v2\/users\/1"}],"replies":[{"embeddable":true,"href":"https:\/\/manuevasion.com\/index.php?rest_route=%2Fwp%2Fv2%2Fcomments&post=4907"}],"version-history":[{"count":0,"href":"https:\/\/manuevasion.com\/index.php?rest_route=\/wp\/v2\/pages\/4907\/revisions"}],"wp:attachment":[{"href":"https:\/\/manuevasion.com\/index.php?rest_route=%2Fwp%2Fv2%2Fmedia&parent=4907"}],"curies":[{"name":"wp","href":"https:\/\/api.w.org\/{rel}","templated":true}]}}