{"id":4472,"date":"2025-09-08T12:01:49","date_gmt":"2025-09-08T10:01:49","guid":{"rendered":"https:\/\/manuevasion.com\/?page_id=4472"},"modified":"2025-10-21T17:17:25","modified_gmt":"2025-10-21T15:17:25","slug":"2025-3","status":"publish","type":"page","link":"https:\/\/manuevasion.com\/?page_id=4472","title":{"rendered":"2025"},"content":{"rendered":"\n<div style=\"border: 3px solid red; background: yellow; padding: 10px; width: fit-content; font-family: Arial Black;\">\n  <div style=\"font-size: 24px; text-align: center;\">\u26a0\ufe0f ATTENTION<\/div>\n  <marquee behavior=\"scroll\" direction=\"left\" style=\"font-size: 16px;\">\n    Utilisation des photos : Les images disponibles sur manuevasion.com peuvent \u00eatre t\u00e9l\u00e9charg\u00e9es uniquement \u00e0 usage priv\u00e9.\n    Toute diffusion sur les r\u00e9seaux sociaux ou autre plateforme publique est strictement interdite.\n    Merci de respecter ce cadre.\n  <\/marquee>\n<\/div>\n\n\n\n<div class=\"wp-block-media-text is-stacked-on-mobile\"><figure class=\"wp-block-media-text__media\"><img loading=\"lazy\" decoding=\"async\" width=\"579\" height=\"467\" src=\"https:\/\/manuevasion.com\/wp-content\/uploads\/2025\/10\/Geiranger-en-Norvege.jpg\" alt=\"\" class=\"wp-image-4608 size-full\" srcset=\"https:\/\/manuevasion.com\/wp-content\/uploads\/2025\/10\/Geiranger-en-Norvege.jpg 579w, https:\/\/manuevasion.com\/wp-content\/uploads\/2025\/10\/Geiranger-en-Norvege-300x242.jpg 300w\" sizes=\"auto, (max-width: 579px) 100vw, 579px\" \/><\/figure><div class=\"wp-block-media-text__content\">\n<p>Le <strong>fjord de Geiranger<\/strong> (class\u00e9 \u00e0 l\u2019UNESCO en 2005) est l\u2019un des plus beaux au monde : profond de 600 m, \u00e9troit et pr\u00e9serv\u00e9, il offre une nature intacte et des activit\u00e9s en plein air. Situ\u00e9 pr\u00e8s de Bergen, entre \u00c5lesund et la ville de Geiranger,<\/p>\n<\/div><\/div>\n\n\n\n<h2 class=\"wp-block-heading\">Groupe Norv\u00e8ge<\/h2>\n\n\n\n<figure class=\"wp-block-gallery has-nested-images columns-default is-cropped wp-block-gallery-1 is-layout-flex wp-block-gallery-is-layout-flex\">\n<figure class=\"wp-block-image size-large is-style-zoooom\"><img loading=\"lazy\" decoding=\"async\" width=\"1024\" height=\"768\" data-id=\"4517\" src=\"https:\/\/manuevasion.com\/wp-content\/uploads\/2025\/09\/GROUPE-NORVEGE-POUR-LE-SUITE-1-1024x768.jpg\" alt=\"\" class=\"wp-image-4517\" srcset=\"https:\/\/manuevasion.com\/wp-content\/uploads\/2025\/09\/GROUPE-NORVEGE-POUR-LE-SUITE-1-1024x768.jpg 1024w, https:\/\/manuevasion.com\/wp-content\/uploads\/2025\/09\/GROUPE-NORVEGE-POUR-LE-SUITE-1-300x225.jpg 300w, https:\/\/manuevasion.com\/wp-content\/uploads\/2025\/09\/GROUPE-NORVEGE-POUR-LE-SUITE-1-768x576.jpg 768w, https:\/\/manuevasion.com\/wp-content\/uploads\/2025\/09\/GROUPE-NORVEGE-POUR-LE-SUITE-1-1536x1152.jpg 1536w, https:\/\/manuevasion.com\/wp-content\/uploads\/2025\/09\/GROUPE-NORVEGE-POUR-LE-SUITE-1.jpg 2000w\" sizes=\"auto, (max-width: 1024px) 100vw, 1024px\" \/><\/figure>\n<\/figure>\n\n\n\n<figure class=\"wp-block-gallery has-nested-images columns-default is-cropped wp-block-gallery-2 is-layout-flex wp-block-gallery-is-layout-flex\">\n<figure class=\"wp-block-image size-large\"><img loading=\"lazy\" decoding=\"async\" width=\"1024\" height=\"1024\" data-id=\"4523\" src=\"https:\/\/manuevasion.com\/wp-content\/uploads\/2025\/09\/IMG_20250902_143352-1024x1024.jpg\" alt=\"\" class=\"wp-image-4523\" srcset=\"https:\/\/manuevasion.com\/wp-content\/uploads\/2025\/09\/IMG_20250902_143352-1024x1024.jpg 1024w, https:\/\/manuevasion.com\/wp-content\/uploads\/2025\/09\/IMG_20250902_143352-300x300.jpg 300w, https:\/\/manuevasion.com\/wp-content\/uploads\/2025\/09\/IMG_20250902_143352-150x150.jpg 150w, https:\/\/manuevasion.com\/wp-content\/uploads\/2025\/09\/IMG_20250902_143352-768x768.jpg 768w, https:\/\/manuevasion.com\/wp-content\/uploads\/2025\/09\/IMG_20250902_143352-1536x1536.jpg 1536w, https:\/\/manuevasion.com\/wp-content\/uploads\/2025\/09\/IMG_20250902_143352-2048x2048.jpg 2048w, https:\/\/manuevasion.com\/wp-content\/uploads\/2025\/09\/IMG_20250902_143352-180x180.jpg 180w\" sizes=\"auto, (max-width: 1024px) 100vw, 1024px\" \/><\/figure>\n\n\n\n<figure class=\"wp-block-image size-large\"><img loading=\"lazy\" decoding=\"async\" width=\"1024\" height=\"461\" data-id=\"4522\" src=\"https:\/\/manuevasion.com\/wp-content\/uploads\/2025\/09\/IMG_20250904_084505-1024x461.jpg\" alt=\"\" class=\"wp-image-4522\" srcset=\"https:\/\/manuevasion.com\/wp-content\/uploads\/2025\/09\/IMG_20250904_084505-1024x461.jpg 1024w, https:\/\/manuevasion.com\/wp-content\/uploads\/2025\/09\/IMG_20250904_084505-300x135.jpg 300w, https:\/\/manuevasion.com\/wp-content\/uploads\/2025\/09\/IMG_20250904_084505-768x346.jpg 768w, https:\/\/manuevasion.com\/wp-content\/uploads\/2025\/09\/IMG_20250904_084505-1536x691.jpg 1536w, https:\/\/manuevasion.com\/wp-content\/uploads\/2025\/09\/IMG_20250904_084505-2048x922.jpg 2048w\" sizes=\"auto, (max-width: 1024px) 100vw, 1024px\" \/><\/figure>\n<\/figure>\n\n\n\n<div style=\"height:100px\" aria-hidden=\"true\" class=\"wp-block-spacer\"><\/div>\n\n\n\n<h2 class=\"wp-block-heading\">Groupe Italie 2025 (Matera)<\/h2>\n\n\n\n<div class=\"wp-block-media-text is-stacked-on-mobile is-style-zoooom\"><figure class=\"wp-block-media-text__media\"><img loading=\"lazy\" decoding=\"async\" width=\"270\" height=\"148\" src=\"https:\/\/manuevasion.com\/wp-content\/uploads\/2025\/10\/Matera.jpeg\" alt=\"\" class=\"wp-image-4604 size-full\"\/><\/figure><div class=\"wp-block-media-text__content\">\n<p>Matera, \u00e0 la fronti\u00e8re des Pouilles, est une capitale europ\u00e9enne de la culture. Ville troglodyte extraordinaire,&nbsp;<strong>unique au monde<\/strong>, Sa configuration et son histoire sont tr\u00e8s diff\u00e9rentes des autres villes d\u2019Italie,<\/p>\n\n\n\n<p>C\u2019est aussi&nbsp;<strong>l\u2019une des plus vieilles villes au monde<\/strong>, imaginez que les humains ont v\u00e9cu 7000 ans dans ces grottes, et qu\u2019ils y sont rest\u00e9s jusqu\u2019en 1952.<\/p>\n<\/div><\/div>\n\n\n\n<figure class=\"wp-block-image size-large is-style-zoooom\"><img loading=\"lazy\" decoding=\"async\" width=\"1024\" height=\"768\" src=\"https:\/\/manuevasion.com\/wp-content\/uploads\/2025\/10\/groupe-Italie-2025-2-1024x768.png\" alt=\"\" class=\"wp-image-4601\" srcset=\"https:\/\/manuevasion.com\/wp-content\/uploads\/2025\/10\/groupe-Italie-2025-2-1024x768.png 1024w, https:\/\/manuevasion.com\/wp-content\/uploads\/2025\/10\/groupe-Italie-2025-2-300x225.png 300w, https:\/\/manuevasion.com\/wp-content\/uploads\/2025\/10\/groupe-Italie-2025-2-768x576.png 768w, https:\/\/manuevasion.com\/wp-content\/uploads\/2025\/10\/groupe-Italie-2025-2-1536x1152.png 1536w, https:\/\/manuevasion.com\/wp-content\/uploads\/2025\/10\/groupe-Italie-2025-2-2048x1536.png 2048w\" sizes=\"auto, (max-width: 1024px) 100vw, 1024px\" \/><figcaption class=\"wp-element-caption\">L&rsquo;image est de moyenne qualit\u00e9, en raison de la luminosit\u00e9 trop grande, d\u00e9sol\u00e9e&#8230;<\/figcaption><\/figure>\n\n\n\n<h2 class=\"wp-block-heading\">Paestum<\/h2>\n\n\n\n<figure class=\"wp-block-embed is-type-video is-provider-youtube wp-block-embed-youtube wp-embed-aspect-16-9 wp-has-aspect-ratio\"><div class=\"wp-block-embed__wrapper\">\n<iframe loading=\"lazy\" title=\"Paestum, des temples grecs en Italie\" width=\"825\" height=\"464\" src=\"https:\/\/www.youtube.com\/embed\/LQOyfdngLlw?feature=oembed\" frameborder=\"0\" allow=\"accelerometer; autoplay; clipboard-write; encrypted-media; gyroscope; picture-in-picture; web-share\" referrerpolicy=\"strict-origin-when-cross-origin\" allowfullscreen><\/iframe>\n<\/div><\/figure>\n\n\n\n<h2 class=\"wp-block-heading\">Matera ville blanche<\/h2>\n\n\n\n<figure class=\"wp-block-embed is-type-video is-provider-youtube wp-block-embed-youtube wp-embed-aspect-16-9 wp-has-aspect-ratio\"><div class=\"wp-block-embed__wrapper\">\n<iframe loading=\"lazy\" title=\"Les secrets de Matera, l&#039;une des plus vieilles cit\u00e9es habit\u00e9es au monde\" width=\"825\" height=\"464\" src=\"https:\/\/www.youtube.com\/embed\/0U8TNWU1pN8?feature=oembed\" frameborder=\"0\" allow=\"accelerometer; autoplay; clipboard-write; encrypted-media; gyroscope; picture-in-picture; web-share\" referrerpolicy=\"strict-origin-when-cross-origin\" allowfullscreen><\/iframe>\n<\/div><\/figure>\n\n\n\n<p><\/p>\n<!--CusAds0-->\n<div style=\"font-size: 0px; height: 0px; line-height: 0px; margin: 0; padding: 0; clear: both;\"><\/div>","protected":false},"excerpt":{"rendered":"<p>\u26a0\ufe0f ATTENTION Utilisation des photos : Les images disponibles sur manuevasion.com peuvent \u00eatre t\u00e9l\u00e9charg\u00e9es uniquement \u00e0 usage priv\u00e9. Toute diffusion sur les r\u00e9seaux sociaux ou autre plateforme publique est strictement interdite. Merci de respecter ce cadre. Le fjord de Geiranger (class\u00e9 \u00e0 l\u2019UNESCO en 2005) est l\u2019un des plus beaux au monde : profond de&hellip; <a href=\"https:\/\/manuevasion.com\/?page_id=4472\" class=\"more-link\">Lire la suite <span class=\"screen-reader-text\">2025<\/span><\/a><\/p>\n","protected":false},"author":1,"featured_media":0,"parent":0,"menu_order":0,"comment_status":"closed","ping_status":"closed","template":"","meta":{"_themeisle_gutenberg_block_has_review":false,"h5ap_radio_sources":[],"footnotes":""},"class_list":["post-4472","page","type-page","status-publish","hentry","without-featured-image"],"_links":{"self":[{"href":"https:\/\/manuevasion.com\/index.php?rest_route=\/wp\/v2\/pages\/4472","targetHints":{"allow":["GET"]}}],"collection":[{"href":"https:\/\/manuevasion.com\/index.php?rest_route=\/wp\/v2\/pages"}],"about":[{"href":"https:\/\/manuevasion.com\/index.php?rest_route=\/wp\/v2\/types\/page"}],"author":[{"embeddable":true,"href":"https:\/\/manuevasion.com\/index.php?rest_route=\/wp\/v2\/users\/1"}],"replies":[{"embeddable":true,"href":"https:\/\/manuevasion.com\/index.php?rest_route=%2Fwp%2Fv2%2Fcomments&post=4472"}],"version-history":[{"count":0,"href":"https:\/\/manuevasion.com\/index.php?rest_route=\/wp\/v2\/pages\/4472\/revisions"}],"wp:attachment":[{"href":"https:\/\/manuevasion.com\/index.php?rest_route=%2Fwp%2Fv2%2Fmedia&parent=4472"}],"curies":[{"name":"wp","href":"https:\/\/api.w.org\/{rel}","templated":true}]}}