{"id":4460,"date":"2025-08-27T10:24:30","date_gmt":"2025-08-27T08:24:30","guid":{"rendered":"https:\/\/manuevasion.com\/?page_id=4460"},"modified":"2025-08-27T10:24:31","modified_gmt":"2025-08-27T08:24:31","slug":"quels-types-de-bagages-choisir","status":"publish","type":"page","link":"https:\/\/manuevasion.com\/?page_id=4460","title":{"rendered":"Quels types de bagages choisir ???"},"content":{"rendered":"\n<p><mark style=\"background-color:#8ed1fc\" class=\"has-inline-color\">Pas simple de choisir un bagage, les compagnies a\u00e9riennes font du z\u00e8le.<\/mark><\/p>\n\n\n\n<p>Exemple : Air Norwegian<br><strong><mark style=\"background-color:#7bdcb5\" class=\"has-inline-color has-black-color\">bagage cabine<\/mark><mark style=\"background-color:rgba(0, 0, 0, 0)\" class=\"has-inline-color has-black-color\"> <\/mark>(ceux qui resteront pr\u00e8s de vous)<\/strong><br>1 sac \u00e0 main ou pochette type banane + pour les d\u00e9tenteurs de respirateurs, 1 sacoche contenant l(appareil)<br>1 bagage de 30x38x20 qui<strong><span class=\"highlight\"> peut \u00eatre gliss\u00e9<\/span><\/strong> sous le si\u00e8ge devant soi<strong> (ATTENTION, tout d\u00e9passement de gabarit et de poids&rsquo;expose \u00e0 une surtaxe pas tr\u00e8ssympa) <\/strong><br>Cela correspond \u00e0 peu pr\u00e8s \u00e0 un sac \u00e0 dos, attention pas plus de 10 kg sinon surtaxe de 12<br><mark style=\"background-color:#fcb900\" class=\"has-inline-color\"><br>bagages en soute :<\/mark><br><strong>1 valise de 23 Kg ou 2 petites valises <\/strong> <br>(pas tr\u00e8s clair tout cela&#8230;)<\/p>\n\n\n\n<p><\/p>\n<!--CusAds0-->\n<div style=\"font-size: 0px; height: 0px; line-height: 0px; margin: 0; padding: 0; clear: both;\"><\/div>","protected":false},"excerpt":{"rendered":"<p>Pas simple de choisir un bagage, les compagnies a\u00e9riennes font du z\u00e8le. Exemple : Air Norwegianbagage cabine (ceux qui resteront pr\u00e8s de vous)1 sac \u00e0 main ou pochette type banane + pour les d\u00e9tenteurs de respirateurs, 1 sacoche contenant l(appareil)1 bagage de 30x38x20 qui peut \u00eatre gliss\u00e9 sous le si\u00e8ge devant soi (ATTENTION, tout d\u00e9passement&hellip; <a href=\"https:\/\/manuevasion.com\/?page_id=4460\" class=\"more-link\">Lire la suite <span class=\"screen-reader-text\">Quels types de bagages choisir ???<\/span><\/a><\/p>\n","protected":false},"author":1,"featured_media":0,"parent":0,"menu_order":0,"comment_status":"closed","ping_status":"closed","template":"","meta":{"_themeisle_gutenberg_block_has_review":false,"h5ap_radio_sources":[],"footnotes":""},"class_list":["post-4460","page","type-page","status-publish","hentry","without-featured-image"],"_links":{"self":[{"href":"https:\/\/manuevasion.com\/index.php?rest_route=\/wp\/v2\/pages\/4460","targetHints":{"allow":["GET"]}}],"collection":[{"href":"https:\/\/manuevasion.com\/index.php?rest_route=\/wp\/v2\/pages"}],"about":[{"href":"https:\/\/manuevasion.com\/index.php?rest_route=\/wp\/v2\/types\/page"}],"author":[{"embeddable":true,"href":"https:\/\/manuevasion.com\/index.php?rest_route=\/wp\/v2\/users\/1"}],"replies":[{"embeddable":true,"href":"https:\/\/manuevasion.com\/index.php?rest_route=%2Fwp%2Fv2%2Fcomments&post=4460"}],"version-history":[{"count":0,"href":"https:\/\/manuevasion.com\/index.php?rest_route=\/wp\/v2\/pages\/4460\/revisions"}],"wp:attachment":[{"href":"https:\/\/manuevasion.com\/index.php?rest_route=%2Fwp%2Fv2%2Fmedia&parent=4460"}],"curies":[{"name":"wp","href":"https:\/\/api.w.org\/{rel}","templated":true}]}}