{"id":4436,"date":"2025-08-21T18:42:07","date_gmt":"2025-08-21T16:42:07","guid":{"rendered":"https:\/\/manuevasion.com\/?page_id=4436"},"modified":"2025-08-21T18:42:09","modified_gmt":"2025-08-21T16:42:09","slug":"astuce-de-localisation","status":"publish","type":"page","link":"https:\/\/manuevasion.com\/?page_id=4436","title":{"rendered":"Astuce de localisation"},"content":{"rendered":"<iframe loading=\"lazy\" class=\"embed-pdf-viewer\" src=\"https:\/\/manuevasion.com\/wp-content\/uploads\/2025\/08\/Presque-tout-le-monde-possede-un-smartphone-Android-ou-Apple-Recuperation-automatique-1.pdf\" height=\"679\" width=\"679\" title=\"Presque tout le monde poss\u00e8de un smartphone Android ou Apple (R\u00e9cup\u00e9ration automatique)\"><\/iframe>\n\n\n<iframe loading=\"lazy\" width=\"560\" height=\"315\" src=\"https:\/\/www.youtube.com\/embed\/codsqr60ff4?si=JOCRPKQf_gt9bh23\" title=\"YouTube video player\" frameborder=\"0\" allow=\"accelerometer; autoplay; clipboard-write; encrypted-media; gyroscope; picture-in-picture; web-share\" referrerpolicy=\"strict-origin-when-cross-origin\" allowfullscreen><\/iframe>\n<!--CusAds0-->\n<div style=\"font-size: 0px; height: 0px; line-height: 0px; margin: 0; padding: 0; clear: both;\"><\/div>","protected":false},"excerpt":{"rendered":"","protected":false},"author":1,"featured_media":0,"parent":0,"menu_order":0,"comment_status":"closed","ping_status":"closed","template":"","meta":{"_themeisle_gutenberg_block_has_review":false,"h5ap_radio_sources":[],"footnotes":""},"class_list":["post-4436","page","type-page","status-publish","hentry","without-featured-image"],"_links":{"self":[{"href":"https:\/\/manuevasion.com\/index.php?rest_route=\/wp\/v2\/pages\/4436","targetHints":{"allow":["GET"]}}],"collection":[{"href":"https:\/\/manuevasion.com\/index.php?rest_route=\/wp\/v2\/pages"}],"about":[{"href":"https:\/\/manuevasion.com\/index.php?rest_route=\/wp\/v2\/types\/page"}],"author":[{"embeddable":true,"href":"https:\/\/manuevasion.com\/index.php?rest_route=\/wp\/v2\/users\/1"}],"replies":[{"embeddable":true,"href":"https:\/\/manuevasion.com\/index.php?rest_route=%2Fwp%2Fv2%2Fcomments&post=4436"}],"version-history":[{"count":0,"href":"https:\/\/manuevasion.com\/index.php?rest_route=\/wp\/v2\/pages\/4436\/revisions"}],"wp:attachment":[{"href":"https:\/\/manuevasion.com\/index.php?rest_route=%2Fwp%2Fv2%2Fmedia&parent=4436"}],"curies":[{"name":"wp","href":"https:\/\/api.w.org\/{rel}","templated":true}]}}