{"id":4433,"date":"2025-08-21T18:06:24","date_gmt":"2025-08-21T16:06:24","guid":{"rendered":"https:\/\/manuevasion.com\/?page_id=4433"},"modified":"2025-08-21T18:06:25","modified_gmt":"2025-08-21T16:06:25","slug":"etiquettes-bagages-3","status":"publish","type":"page","link":"https:\/\/manuevasion.com\/?page_id=4433","title":{"rendered":"\u00c9tiquettes bagages"},"content":{"rendered":"\n<p>Dans un premier temps, retrouver l&rsquo;adresse de votre premier h\u00f4tel dans le carnet de voyage <\/p>\n\n\n\n<p>Si vous disposez d&rsquo;\u00e9tiquettes vierges autocollantes, c&rsquo;est l&rsquo;id\u00e9al, ensuite \u00e9crivez les coordonn\u00e9es ci-dessous et collez sur votre \u00e9tiquette support<\/p>\n\n\n\n<p>EXEMPLE CI-DESSOUS<\/p>\n\n\n\n<figure class=\"wp-block-image size-full is-resized\"><img loading=\"lazy\" decoding=\"async\" width=\"273\" height=\"146\" src=\"https:\/\/manuevasion.com\/wp-content\/uploads\/2025\/08\/image-1.png\" alt=\"\" class=\"wp-image-4428\" style=\"width:290px;height:auto\"\/><\/figure>\n\n\n\n<p>ensuite sur une \u00e9tiquette autocollante vierge, \u00e9crivez votre adresse personnelle <\/p>\n\n\n\n<figure class=\"wp-block-image size-full is-resized\"><img loading=\"lazy\" decoding=\"async\" width=\"269\" height=\"139\" src=\"https:\/\/manuevasion.com\/wp-content\/uploads\/2025\/08\/image-2.png\" alt=\"\" class=\"wp-image-4429\" style=\"width:292px;height:auto\"\/><\/figure>\n\n\n\n<p><\/p>\n<!--CusAds0-->\n<div style=\"font-size: 0px; height: 0px; line-height: 0px; margin: 0; padding: 0; clear: both;\"><\/div>","protected":false},"excerpt":{"rendered":"<p>Dans un premier temps, retrouver l&rsquo;adresse de votre premier h\u00f4tel dans le carnet de voyage Si vous disposez d&rsquo;\u00e9tiquettes vierges autocollantes, c&rsquo;est l&rsquo;id\u00e9al, ensuite \u00e9crivez les coordonn\u00e9es ci-dessous et collez sur votre \u00e9tiquette support EXEMPLE CI-DESSOUS ensuite sur une \u00e9tiquette autocollante vierge, \u00e9crivez votre adresse personnelle<\/p>\n","protected":false},"author":1,"featured_media":0,"parent":0,"menu_order":0,"comment_status":"closed","ping_status":"closed","template":"","meta":{"_themeisle_gutenberg_block_has_review":false,"h5ap_radio_sources":[],"footnotes":""},"class_list":["post-4433","page","type-page","status-publish","hentry","without-featured-image"],"_links":{"self":[{"href":"https:\/\/manuevasion.com\/index.php?rest_route=\/wp\/v2\/pages\/4433","targetHints":{"allow":["GET"]}}],"collection":[{"href":"https:\/\/manuevasion.com\/index.php?rest_route=\/wp\/v2\/pages"}],"about":[{"href":"https:\/\/manuevasion.com\/index.php?rest_route=\/wp\/v2\/types\/page"}],"author":[{"embeddable":true,"href":"https:\/\/manuevasion.com\/index.php?rest_route=\/wp\/v2\/users\/1"}],"replies":[{"embeddable":true,"href":"https:\/\/manuevasion.com\/index.php?rest_route=%2Fwp%2Fv2%2Fcomments&post=4433"}],"version-history":[{"count":0,"href":"https:\/\/manuevasion.com\/index.php?rest_route=\/wp\/v2\/pages\/4433\/revisions"}],"wp:attachment":[{"href":"https:\/\/manuevasion.com\/index.php?rest_route=%2Fwp%2Fv2%2Fmedia&parent=4433"}],"curies":[{"name":"wp","href":"https:\/\/api.w.org\/{rel}","templated":true}]}}