{"id":4075,"date":"2025-03-07T11:26:53","date_gmt":"2025-03-07T10:26:53","guid":{"rendered":"https:\/\/manuevasion.com\/?page_id=4075"},"modified":"2026-02-14T11:20:07","modified_gmt":"2026-02-14T10:20:07","slug":"le-montenegro-2026","status":"publish","type":"page","link":"https:\/\/manuevasion.com\/?page_id=4075","title":{"rendered":"Le Mont\u00e9n\u00e9gro 2026"},"content":{"rendered":"\n<marquee direction=\"left\" behavior=\"scroll\" scrollamount=\"9\" style=\"height:50px;width:400px;background-color:#ff80df;font-family:Cursive;font-size:22pt;color:#0023b0;font-weight:bold;border-width:6;border-style:double;border-color:#68004d;text-align:center; \" > l&rsquo;annulation a \u00e9t\u00e9 remplac\u00e9e, merci \u00e0 tous ceux qui ce sont mobilis\u00e9s pour ce remplacement <\/marquee>\n\n\n\n<marquee direction=\"left\" behavior=\"scroll\" scrollamount=\"9\" style=\"height:50px;width:400px;background-color:#ff80df;font-family:Cursive;font-size:22pt;color:#0023b0;font-weight:bold;border-width:6;border-style:double;border-color:#68004d;text-align:center; \" > COMPLET <\/marquee>\n\n\n\n<div class=\"wp-block-group is-vertical is-layout-flex wp-container-core-group-is-layout-8cf370e7 wp-block-group-is-layout-flex\">\n<div class=\"wp-block-group is-vertical is-layout-flex wp-container-core-group-is-layout-8cf370e7 wp-block-group-is-layout-flex\">\n<div class=\"wp-block-media-text has-media-on-the-right is-stacked-on-mobile\" style=\"grid-template-columns:auto 59%\"><div class=\"wp-block-media-text__content\">\n<p>V<strong><mark style=\"background-color:#8ed1fc\" class=\"has-inline-color\">oyage au Mont\u00e9n\u00e9gro<\/mark><\/strong><\/p>\n\n\n\n<p>Les dates propos\u00e9es, entre ler 1\u1d49\u02b3 et le 15&nbsp;septembre,&nbsp;<strong><span class=\"highlight\">deviennent officiellement du 17-09 au 24-09-2026<\/span><\/strong><\/p>\n\n\n\n<p>l&rsquo;a\u00e9roport de d\u00e9part et retour&nbsp;LYON,&nbsp;sera GEN\u00c8VE, choix capital avec les vols ouverts possibles pour notre groupe (destination, dates et la taille du groupe). Le Mont\u00e9n\u00e9gro&nbsp;n&rsquo;a pas de compagnie a\u00e9rienne nationale. Notre validation avec Gen\u00e8ve, vol direct, \u00e9vite soit du transit, soit d&rsquo;avoir du temps de bus, voir passage de fronti\u00e8re.<\/p>\n\n\n\n<p>Le programme, l&rsquo;h\u00f4tel restent inchang\u00e9s.&nbsp;<\/p>\n\n\n\n<p>Le pr\u00e9-acheminement en bus sera donc Creuzier-Gen\u00e8ve A\/R<\/p>\n<\/div><figure class=\"wp-block-media-text__media\"><img loading=\"lazy\" decoding=\"async\" width=\"636\" height=\"446\" src=\"https:\/\/manuevasion.com\/wp-content\/uploads\/2023\/06\/Capture-decran-2025-10-28-171318-3.png\" alt=\"\" class=\"wp-image-4627 size-full\" srcset=\"https:\/\/manuevasion.com\/wp-content\/uploads\/2023\/06\/Capture-decran-2025-10-28-171318-3.png 636w, https:\/\/manuevasion.com\/wp-content\/uploads\/2023\/06\/Capture-decran-2025-10-28-171318-3-300x210.png 300w\" sizes=\"auto, (max-width: 636px) 100vw, 636px\" \/><\/figure><\/div>\n<\/div>\n<\/div>\n\n\n\n<p class=\"has-pale-cyan-blue-background-color has-background\">Les dates propos\u00e9es, entre 01 et 15 septembre,&nbsp;<strong>deviennent officiellement du 17-09 au 24-09-2026<\/strong><\/p>\n\n\n\n<p class=\"has-text-align-center\"><strong>Le Mont\u00e9n\u00e9gro est une destination fascinante qui combine beaut\u00e9 naturelle, richesse culturelle et aventure. Imaginez-vous explorer les majestueuses montagnes de Durmitor, vous d\u00e9tendre sur les plages pittoresques de la c\u00f4te Adriatique, ou d\u00e9couvrir les charmantes ruelles de la vieille ville de Kotor, class\u00e9e au patrimoine mondial de l\u2019UNESCO. Le Mont\u00e9n\u00e9gro offre une exp\u00e9rience unique o\u00f9 chaque coin de rue raconte une histoire et o\u00f9 la nature vous coupe le souffle \u00e0 chaque instant. Que vous soyez amateur de randonn\u00e9e, de sports nautiques ou simplement \u00e0 la recherche d\u2019un cadre idyllique pour vous ressourcer, le Mont\u00e9n\u00e9gro est la destination parfaite pour des vacances inoubliables.<\/strong><\/p>\n\n\n\n<div data-wp-interactive=\"core\/file\" class=\"wp-block-file\"><object data-wp-bind--hidden=\"!state.hasPdfPreview\" hidden class=\"wp-block-file__embed\" data=\"https:\/\/manuevasion.com\/wp-content\/uploads\/2025\/03\/Montenegro-Programme-1.pdf\" type=\"application\/pdf\" style=\"width:100%;height:600px\" aria-label=\"Contenu embarqu\u00e9 Montenegro Programme.\"><\/object><a id=\"wp-block-file--media-9a47ba7b-3056-48a3-9adb-c2430e7feef4\" href=\"https:\/\/manuevasion.com\/wp-content\/uploads\/2025\/03\/Montenegro-Programme-1.pdf\">Montenegro Programme<\/a><a href=\"https:\/\/manuevasion.com\/wp-content\/uploads\/2025\/03\/Montenegro-Programme-1.pdf\" class=\"wp-block-file__button wp-element-button\" download aria-describedby=\"wp-block-file--media-9a47ba7b-3056-48a3-9adb-c2430e7feef4\">T\u00e9l\u00e9charger<\/a><\/div>\n\n\n\n<div style=\"height:71px\" aria-hidden=\"true\" class=\"wp-block-spacer\"><\/div>\n\n\n\n<blockquote class=\"wp-block-quote is-layout-flow wp-block-quote-is-layout-flow\">\n<blockquote class=\"wp-block-quote is-layout-flow wp-block-quote-is-layout-flow\">\n<p><\/p>\n<\/blockquote>\n<\/blockquote>\n\n\n\n<figure class=\"wp-block-embed is-type-video is-provider-youtube wp-block-embed-youtube wp-embed-aspect-16-9 wp-has-aspect-ratio\"><div class=\"wp-block-embed__wrapper\">\n<iframe loading=\"lazy\" title=\"Les 10 plus beaux endroits du Mont\u00e9n\u00e9gro\" width=\"825\" height=\"464\" src=\"https:\/\/www.youtube.com\/embed\/f8kOB1myN8Y?feature=oembed\" frameborder=\"0\" allow=\"accelerometer; autoplay; clipboard-write; encrypted-media; gyroscope; picture-in-picture; web-share\" referrerpolicy=\"strict-origin-when-cross-origin\" allowfullscreen><\/iframe>\n<\/div><\/figure>\n\n\n\n<p><\/p>\n<!--CusAds0-->\n<div style=\"font-size: 0px; height: 0px; line-height: 0px; margin: 0; padding: 0; clear: both;\"><\/div>","protected":false},"excerpt":{"rendered":"<p>l&rsquo;annulation a \u00e9t\u00e9 remplac\u00e9e, merci \u00e0 tous ceux qui ce sont mobilis\u00e9s pour ce remplacement COMPLET Voyage au Mont\u00e9n\u00e9gro Les dates propos\u00e9es, entre ler 1\u1d49\u02b3 et le 15&nbsp;septembre,&nbsp;deviennent officiellement du 17-09 au 24-09-2026 l&rsquo;a\u00e9roport de d\u00e9part et retour&nbsp;LYON,&nbsp;sera GEN\u00c8VE, choix capital avec les vols ouverts possibles pour notre groupe (destination, dates et la taille du&hellip; <a href=\"https:\/\/manuevasion.com\/?page_id=4075\" class=\"more-link\">Lire la suite <span class=\"screen-reader-text\">Le Mont\u00e9n\u00e9gro 2026<\/span><\/a><\/p>\n","protected":false},"author":1,"featured_media":0,"parent":0,"menu_order":0,"comment_status":"closed","ping_status":"closed","template":"","meta":{"_themeisle_gutenberg_block_has_review":false,"h5ap_radio_sources":[],"footnotes":""},"class_list":["post-4075","page","type-page","status-publish","hentry","without-featured-image"],"_links":{"self":[{"href":"https:\/\/manuevasion.com\/index.php?rest_route=\/wp\/v2\/pages\/4075","targetHints":{"allow":["GET"]}}],"collection":[{"href":"https:\/\/manuevasion.com\/index.php?rest_route=\/wp\/v2\/pages"}],"about":[{"href":"https:\/\/manuevasion.com\/index.php?rest_route=\/wp\/v2\/types\/page"}],"author":[{"embeddable":true,"href":"https:\/\/manuevasion.com\/index.php?rest_route=\/wp\/v2\/users\/1"}],"replies":[{"embeddable":true,"href":"https:\/\/manuevasion.com\/index.php?rest_route=%2Fwp%2Fv2%2Fcomments&post=4075"}],"version-history":[{"count":0,"href":"https:\/\/manuevasion.com\/index.php?rest_route=\/wp\/v2\/pages\/4075\/revisions"}],"wp:attachment":[{"href":"https:\/\/manuevasion.com\/index.php?rest_route=%2Fwp%2Fv2%2Fmedia&parent=4075"}],"curies":[{"name":"wp","href":"https:\/\/api.w.org\/{rel}","templated":true}]}}