{"id":4071,"date":"2025-03-07T11:01:37","date_gmt":"2025-03-07T10:01:37","guid":{"rendered":"https:\/\/manuevasion.com\/?page_id=4071"},"modified":"2026-03-04T17:29:06","modified_gmt":"2026-03-04T16:29:06","slug":"la-jordanie-2026","status":"publish","type":"page","link":"https:\/\/manuevasion.com\/?page_id=4071","title":{"rendered":"La Jordanie  2026"},"content":{"rendered":"\n<blockquote class=\"wp-block-quote is-layout-flow wp-block-quote-is-layout-flow\">\n<blockquote class=\"wp-block-quote is-layout-flow wp-block-quote-is-layout-flow\">\n<p class=\"has-luminous-vivid-amber-to-luminous-vivid-orange-gradient-background has-background has-medium-font-size\"><strong>Voyage en Jordanie \u2013 2\u1d49 quinzaine d\u2019octobre 2026<\/strong><\/p>\n\n\n\n<p class=\"has-luminous-vivid-amber-to-luminous-vivid-orange-gradient-background has-background has-medium-font-size\"><strong>Contexte g\u00e9opolitique<\/strong> La situation g\u00e9opolitique actuelle dans la r\u00e9gion est complexe et pr\u00e9occupante. Cependant, notre voyage est pr\u00e9vu du <strong>13 au 20 octobre 2026<\/strong>, ce qui nous laisse du temps pour observer l\u2019\u00e9volution de la situation.<\/p>\n\n\n\n<p class=\"has-luminous-vivid-amber-to-luminous-vivid-orange-gradient-background has-background has-medium-font-size\"><strong>Vigilance et communication<\/strong> Nous restons tr\u00e8s attentifs aux d\u00e9veloppements et nous engageons \u00e0 vous informer en temps r\u00e9el de toute \u00e9volution significative. Votre s\u00e9curit\u00e9 et votre tranquillit\u00e9 d\u2019esprit sont nos priorit\u00e9s.<\/p>\n\n\n\n<p class=\"has-luminous-vivid-amber-to-luminous-vivid-orange-gradient-background has-background has-medium-font-size\"><strong>Annulation et contraintes financi\u00e8res<\/strong> En cas de besoin d\u2019annulation, celle-ci ne pourrait \u00eatre effective qu\u2019avec l\u2019accord des ambassades de Jordanie et de France, ainsi que du Quai d\u2019Orsay. Sans ces accords, les <strong>30% d\u00e9j\u00e0 vers\u00e9s<\/strong> pour le groupe seraient perdus.<\/p>\n\n\n\n<p class=\"has-luminous-vivid-amber-to-luminous-vivid-orange-gradient-background has-background has-medium-font-size\">L\u2019an dernier, malgr\u00e9 les tensions d\u00e9j\u00e0 pr\u00e9sentes au Moyen-Orient, vous nous avez fait confiance en constituant un groupe pour ce voyage. Merci de nous faire confiance sur notre capacit\u00e9 \u00e0 g\u00e9rer les impr\u00e9vus avec s\u00e9rieux.<\/p>\n<\/blockquote>\n<\/blockquote>\n\n\n\n<p><\/p>\n\n\n\n<p><\/p>\n\n\n\n<marquee direction=\"left\" behavior=\"scroll\" scrollamount=\"9\" style=\"height:50px;width:400px;background-color:#ff80df;font-family:Cursive;font-size:22pt;color:#0023b0;font-weight:bold;border-width:6;border-style:double;border-color:#68004d;text-align:center; \" > COMPLET <\/marquee>\n\n\n\n<div class=\"wp-block-media-text has-media-on-the-right is-stacked-on-mobile\"><div class=\"wp-block-media-text__content\">\n<p><mark style=\"background-color:#fcb900\" class=\"has-inline-color\">Voyage en Jordanie<br>Les dates officielles pour le voyage en Jordanie en 2026 sont : <strong>du  mardi 13 octobre 2026 au mardi 20 octobre 2026<\/strong>. Stationnement gratuit sur le parking int\u00e9rieur de la commune. D\u00e9part en bus du Complexe Jean-Claude Tuloup, rue des Arloings, salle des f\u00eates \u00e0 Creuzier-le-Vieux jusqu&rsquo;\u00e0 l&rsquo;a\u00e9roport de Lyon St Exup\u00e9ry, puis vol jusqu&rsquo;en Jordanie \u00e0 Amman.<\/mark><\/p>\n<\/div><figure class=\"wp-block-media-text__media\"><img loading=\"lazy\" decoding=\"async\" width=\"624\" height=\"459\" src=\"https:\/\/manuevasion.com\/wp-content\/uploads\/2023\/06\/Capture-decran-2025-10-28-172056.jpg\" alt=\"\" class=\"wp-image-4626 size-full\" srcset=\"https:\/\/manuevasion.com\/wp-content\/uploads\/2023\/06\/Capture-decran-2025-10-28-172056.jpg 624w, https:\/\/manuevasion.com\/wp-content\/uploads\/2023\/06\/Capture-decran-2025-10-28-172056-300x221.jpg 300w\" sizes=\"auto, (max-width: 624px) 100vw, 624px\" \/><\/figure><\/div>\n\n\n\n\n\n<p class=\"has-luminous-vivid-amber-color has-midnight-gradient-background has-text-color has-background has-link-color has-large-font-size wp-elements-9aa3fa407106ba24e04db327eed95855\"><strong>Voyage en Jordanie<br>Les dates officielles pour le voyage en Jordanie en 2026 sont : du mardi 13 octobre 2026 au mardi 20 octobre 2026<\/strong><\/p>\n\n\n\n<p>Chers amis voyageurs,<\/p>\n\n\n\n<p>L&rsquo;association Manu \u00c9vasion a le plaisir de vous inviter \u00e0 d\u00e9couvrir les merveilles de la <a><\/a>Jordanie \u00e0 travers un circuit inoubliable. Plongez dans l&rsquo;histoire mill\u00e9naire de P\u00e9tra, laissez-vous \u00e9merveiller par les paysages lunaires de Wadi Rum et d\u00e9tendez-vous sur les rives de la Mer Morte.<\/p>\n\n\n\n<p>Rejoignez-nous pour une aventure unique o\u00f9 chaque \u00e9tape est une promesse de d\u00e9couverte et d&rsquo;\u00e9merveillement. Ensemble, explorons les tr\u00e9sors cach\u00e9s de ce pays fascinant et partageons des moments inoubliables.<\/p>\n\n\n\n<p>Nous vous attendons avec impatience pour ce voyage extraordinaire !<\/p>\n\n\n\n<p><strong><mark style=\"background-color:#8ed1fc\" class=\"has-inline-color has-black-color\">Si vous souhaitez avoir les informations sur les tarif-dates,<br>dans un premier temps, remplissez le formulaire ci-joint en cliquant sur le lien ci-joint et envoyez :<br><a href=\"https:\/\/tinyurl.com\/2n39bvfv\">https:\/\/tinyurl.com\/2n39bvfvvfv<\/a><\/mark><\/strong><\/p>\n\n\n\n<div data-wp-interactive=\"core\/file\" class=\"wp-block-file\"><object data-wp-bind--hidden=\"!state.hasPdfPreview\" hidden class=\"wp-block-file__embed\" data=\"https:\/\/manuevasion.com\/wp-content\/uploads\/2025\/03\/Jordanie-Programme-2.pdf\" type=\"application\/pdf\" style=\"width:100%;height:600px\" aria-label=\"Contenu embarqu\u00e9 Jordanie Programme.\"><\/object><a id=\"wp-block-file--media-ef8fe360-0976-4210-ac93-7c65c0712b87\" href=\"https:\/\/manuevasion.com\/wp-content\/uploads\/2025\/03\/Jordanie-Programme-2.pdf\">Jordanie Programme<\/a><a href=\"https:\/\/manuevasion.com\/wp-content\/uploads\/2025\/03\/Jordanie-Programme-2.pdf\" class=\"wp-block-file__button wp-element-button\" download aria-describedby=\"wp-block-file--media-ef8fe360-0976-4210-ac93-7c65c0712b87\">T\u00e9l\u00e9charger<\/a><\/div>\n\n\n\n<hr class=\"wp-block-separator aligncenter has-alpha-channel-opacity\"\/>\n\n\n\n<figure class=\"wp-block-embed is-type-video is-provider-youtube wp-block-embed-youtube wp-embed-aspect-16-9 wp-has-aspect-ratio\"><div class=\"wp-block-embed__wrapper\">\n<iframe loading=\"lazy\" title=\"Jordanie : voyage sur la route des Rois\" width=\"825\" height=\"464\" src=\"https:\/\/www.youtube.com\/embed\/nr_EJjru6Oc?feature=oembed\" frameborder=\"0\" allow=\"accelerometer; autoplay; clipboard-write; encrypted-media; gyroscope; picture-in-picture; web-share\" referrerpolicy=\"strict-origin-when-cross-origin\" allowfullscreen><\/iframe>\n<\/div><\/figure>\n\n\n\n<p><\/p>\n<!--CusAds0-->\n<div style=\"font-size: 0px; height: 0px; line-height: 0px; margin: 0; padding: 0; clear: both;\"><\/div>","protected":false},"excerpt":{"rendered":"<p>COMPLET Voyage en JordanieLes dates officielles pour le voyage en Jordanie en 2026 sont : du mardi 13 octobre 2026 au mardi 20 octobre 2026. Stationnement gratuit sur le parking int\u00e9rieur de la commune. D\u00e9part en bus du Complexe Jean-Claude Tuloup, rue des Arloings, salle des f\u00eates \u00e0 Creuzier-le-Vieux jusqu&rsquo;\u00e0 l&rsquo;a\u00e9roport de Lyon St Exup\u00e9ry,&hellip; <a href=\"https:\/\/manuevasion.com\/?page_id=4071\" class=\"more-link\">Lire la suite <span class=\"screen-reader-text\">La Jordanie  2026<\/span><\/a><\/p>\n","protected":false},"author":1,"featured_media":0,"parent":0,"menu_order":0,"comment_status":"closed","ping_status":"closed","template":"","meta":{"_themeisle_gutenberg_block_has_review":false,"h5ap_radio_sources":[],"footnotes":""},"class_list":["post-4071","page","type-page","status-publish","hentry","without-featured-image"],"_links":{"self":[{"href":"https:\/\/manuevasion.com\/index.php?rest_route=\/wp\/v2\/pages\/4071","targetHints":{"allow":["GET"]}}],"collection":[{"href":"https:\/\/manuevasion.com\/index.php?rest_route=\/wp\/v2\/pages"}],"about":[{"href":"https:\/\/manuevasion.com\/index.php?rest_route=\/wp\/v2\/types\/page"}],"author":[{"embeddable":true,"href":"https:\/\/manuevasion.com\/index.php?rest_route=\/wp\/v2\/users\/1"}],"replies":[{"embeddable":true,"href":"https:\/\/manuevasion.com\/index.php?rest_route=%2Fwp%2Fv2%2Fcomments&post=4071"}],"version-history":[{"count":0,"href":"https:\/\/manuevasion.com\/index.php?rest_route=\/wp\/v2\/pages\/4071\/revisions"}],"wp:attachment":[{"href":"https:\/\/manuevasion.com\/index.php?rest_route=%2Fwp%2Fv2%2Fmedia&parent=4071"}],"curies":[{"name":"wp","href":"https:\/\/api.w.org\/{rel}","templated":true}]}}