{"id":3641,"date":"2024-02-05T13:55:59","date_gmt":"2024-02-05T12:55:59","guid":{"rendered":"https:\/?page_id=3641"},"modified":"2025-11-28T10:44:29","modified_gmt":"2025-11-28T09:44:29","slug":"my-calendar","status":"publish","type":"page","link":"https:\/\/manuevasion.com\/?page_id=3641","title":{"rendered":""},"content":{"rendered":"\n<h2 class=\"wp-block-heading\">Une astuce que nous utilisons depuis de nombreuses ann\u00e9es : un ruban bleu attach\u00e9 \u00e0 la poign\u00e9e de votre valise soute<\/h2>\n\n\n\n<div class=\"wp-block-media-text is-stacked-on-mobile\" style=\"grid-template-columns:15% auto\"><figure class=\"wp-block-media-text__media\"><img loading=\"lazy\" decoding=\"async\" width=\"353\" height=\"377\" src=\"https:\/\/manuevasion.com\/wp-content\/uploads\/2025\/09\/Capture_d_ecran_2025-09-14_165738-removebg-preview-1.png\" alt=\"\" class=\"wp-image-4544 size-full\" srcset=\"https:\/\/manuevasion.com\/wp-content\/uploads\/2025\/09\/Capture_d_ecran_2025-09-14_165738-removebg-preview-1.png 353w, https:\/\/manuevasion.com\/wp-content\/uploads\/2025\/09\/Capture_d_ecran_2025-09-14_165738-removebg-preview-1-281x300.png 281w\" sizes=\"auto, (max-width: 353px) 100vw, 353px\" \/><\/figure><div class=\"wp-block-media-text__content\">\n<p><span class=\"highlight\"><strong>Manu \u00c9vasion vous donnera ce petit ruban d\u00e8s l\u2019arriv\u00e9e \u00e0 l\u2019a\u00e9roport<\/strong><\/span><\/p>\n\n\n\n<iframe loading=\"lazy\" src=\"https:\/\/www.facebook.com\/plugins\/video.php?height=476&amp;href=https%3A%2F%2Fwww.facebook.com%2Freel%2F2223831691451625%2F&amp;show_text=false&amp;width=267&amp;t=0\" width=\"267\" height=\"476\" style=\"border:none;overflow:hidden\" scrolling=\"no\" frameborder=\"0\" allowfullscreen=\"true\" allow=\"autoplay; clipboard-write; encrypted-media; picture-in-picture; web-share\"><\/iframe>\n<\/div><\/div>\n\n\n\n<p><\/p>\n<!--CusAds0-->\n<div style=\"font-size: 0px; height: 0px; line-height: 0px; margin: 0; padding: 0; clear: both;\"><\/div>","protected":false},"excerpt":{"rendered":"<p>Une astuce que nous utilisons depuis de nombreuses ann\u00e9es : un ruban bleu attach\u00e9 \u00e0 la poign\u00e9e de votre valise soute Manu \u00c9vasion vous donnera ce petit ruban d\u00e8s l\u2019arriv\u00e9e \u00e0 l\u2019a\u00e9roport<\/p>\n","protected":false},"author":1,"featured_media":0,"parent":0,"menu_order":0,"comment_status":"closed","ping_status":"closed","template":"","meta":{"_themeisle_gutenberg_block_has_review":false,"h5ap_radio_sources":[],"footnotes":""},"class_list":["post-3641","page","type-page","status-publish","hentry","without-featured-image"],"_links":{"self":[{"href":"https:\/\/manuevasion.com\/index.php?rest_route=\/wp\/v2\/pages\/3641","targetHints":{"allow":["GET"]}}],"collection":[{"href":"https:\/\/manuevasion.com\/index.php?rest_route=\/wp\/v2\/pages"}],"about":[{"href":"https:\/\/manuevasion.com\/index.php?rest_route=\/wp\/v2\/types\/page"}],"author":[{"embeddable":true,"href":"https:\/\/manuevasion.com\/index.php?rest_route=\/wp\/v2\/users\/1"}],"replies":[{"embeddable":true,"href":"https:\/\/manuevasion.com\/index.php?rest_route=%2Fwp%2Fv2%2Fcomments&post=3641"}],"version-history":[{"count":0,"href":"https:\/\/manuevasion.com\/index.php?rest_route=\/wp\/v2\/pages\/3641\/revisions"}],"wp:attachment":[{"href":"https:\/\/manuevasion.com\/index.php?rest_route=%2Fwp%2Fv2%2Fmedia&parent=3641"}],"curies":[{"name":"wp","href":"https:\/\/api.w.org\/{rel}","templated":true}]}}