{"id":340,"date":"2019-03-24T17:04:17","date_gmt":"2019-03-24T16:04:17","guid":{"rendered":"https:\/\/manuevasion2019.wordpress.com\/?page_id=340"},"modified":"2026-04-08T15:12:25","modified_gmt":"2026-04-08T13:12:25","slug":"contact","status":"publish","type":"page","link":"https:\/\/manuevasion.com\/?page_id=340","title":{"rendered":"Contact"},"content":{"rendered":"\n<p><strong>MANU \u00c9VASION<\/strong><br>si\u00e8ge social : <br>chez Mr Ren\u00e9 AUDEBERT<br>32, rue de l&rsquo;\u00c9glise<br>03300 CREUZIER LE VIEUX<br>Contact email : <a href=\"mailto:manu.evasion@live.fr\">manu.evasion@live.fr<\/a> ou <a href=\"mailto:manuevasion05@gmail.com\">manuevasion05@gmail.com<\/a><br>t\u00e9l : 06 95 14 84 14  (whatsApp)<\/p>\n\n\n\n<p class=\"has-text-align-center\"><strong>composition du bureau :<\/strong><\/p>\n\n\n\n<p><br>Ren\u00e9 Audebert Pr\u00e9sident  <\/p>\n\n\n\n<p>\u00c9liane Audebert Tr\u00e9sori\u00e8re<\/p>\n\n\n\n<p>Christiane Bob\u00e9e Secr\u00e9taire<\/p>\n\n\n\n<p>Alain Forestier collaborateur actif<\/p>\n\n\n\n<p>Luis Salgado collaborateur actif<\/p>\n\n\n\n<p class=\"has-text-align-center\"><strong>N&rsquo;appartenant pas au Conseil d&rsquo;administration :<\/strong><\/p>\n\n\n\n<p>Agn\u00e8s Forestier   V\u00e9rificatrice des comptes<\/p>\n\n\n\n<div style=\"height:100px\" aria-hidden=\"true\" class=\"wp-block-spacer\"><\/div>\n\n\n\n<h2 class=\"wp-block-heading\">Parution au journal officiel<\/h2>\n\n\n\n<div class=\"wp-block-group is-vertical is-layout-flex wp-container-core-group-is-layout-8cf370e7 wp-block-group-is-layout-flex\">\n<p>MANU EVASION CREUZIER-LE-VIEUX.Associations loi du 1er juillet 1901<\/p>\n\n\n\n<ul class=\"wp-block-list\">\n<li><strong>Parue le :&nbsp;<\/strong>30 juillet 2005<\/li>\n\n\n\n<li><strong>Type d\u2019annonce :&nbsp;<\/strong>Cr\u00e9ation<\/li>\n<\/ul>\n\n\n\n<p>amicales, groupements affinitaires, groupements d&rsquo;entraide (hors d\u00e9fense de droits fondamentaux \/<\/p>\n\n\n\n<p><strong>N\u00b0 de parution :&nbsp;<\/strong>20050031<strong>N\u00b0 d\u2019annonce :&nbsp;<\/strong>15<\/p>\n\n\n\n<p><strong>Titre :&nbsp;<\/strong>MANU EVASION CREUZIER-LE-VIEUX.<\/p>\n\n\n\n<p><strong>Objet :&nbsp;<\/strong>continuer et proposer des voyages organis\u00e9s de groupe comme le faisait le C.E. Manurhin \u00e0 son personnel, mais aussi aux ext\u00e9rieurs, avec priorit\u00e9 aux habitants de la commune.<\/p>\n\n\n\n<p><strong>Si\u00e8ge social :&nbsp;<\/strong>32, rue de l&rsquo;Eglise,&nbsp;03300&nbsp;Creuzier-le-Vieux<\/p>\n\n\n\n<p><strong>Date de d\u00e9claration :&nbsp;<\/strong>Le&nbsp;7 juillet 2005<\/p>\n\n\n\n<p><strong>Lieu de d\u00e9claration :&nbsp;<\/strong>Sous-pr\u00e9fecture&nbsp;Vichy.<\/p>\n<\/div>\n\n\n\n<p><\/p>\n<!--CusAds0-->\n<div style=\"font-size: 0px; height: 0px; line-height: 0px; margin: 0; padding: 0; clear: both;\"><\/div>","protected":false},"excerpt":{"rendered":"<p>MANU \u00c9VASIONsi\u00e8ge social : chez Mr Ren\u00e9 AUDEBERT32, rue de l&rsquo;\u00c9glise03300 CREUZIER LE VIEUXContact email : manu.evasion@live.fr ou manuevasion05@gmail.comt\u00e9l : 06 95 14 84 14 (whatsApp) composition du bureau : Ren\u00e9 Audebert Pr\u00e9sident \u00c9liane Audebert Tr\u00e9sori\u00e8re Christiane Bob\u00e9e Secr\u00e9taire Alain Forestier collaborateur actif Luis Salgado collaborateur actif N&rsquo;appartenant pas au Conseil d&rsquo;administration : Agn\u00e8s Forestier&hellip; <a href=\"https:\/\/manuevasion.com\/?page_id=340\" class=\"more-link\">Lire la suite <span class=\"screen-reader-text\">Contact<\/span><\/a><\/p>\n","protected":false},"author":1,"featured_media":0,"parent":0,"menu_order":0,"comment_status":"closed","ping_status":"closed","template":"","meta":{"_themeisle_gutenberg_block_has_review":false,"h5ap_radio_sources":[],"footnotes":""},"class_list":["post-340","page","type-page","status-publish","hentry","without-featured-image"],"_links":{"self":[{"href":"https:\/\/manuevasion.com\/index.php?rest_route=\/wp\/v2\/pages\/340","targetHints":{"allow":["GET"]}}],"collection":[{"href":"https:\/\/manuevasion.com\/index.php?rest_route=\/wp\/v2\/pages"}],"about":[{"href":"https:\/\/manuevasion.com\/index.php?rest_route=\/wp\/v2\/types\/page"}],"author":[{"embeddable":true,"href":"https:\/\/manuevasion.com\/index.php?rest_route=\/wp\/v2\/users\/1"}],"replies":[{"embeddable":true,"href":"https:\/\/manuevasion.com\/index.php?rest_route=%2Fwp%2Fv2%2Fcomments&post=340"}],"version-history":[{"count":2,"href":"https:\/\/manuevasion.com\/index.php?rest_route=\/wp\/v2\/pages\/340\/revisions"}],"predecessor-version":[{"id":4985,"href":"https:\/\/manuevasion.com\/index.php?rest_route=\/wp\/v2\/pages\/340\/revisions\/4985"}],"wp:attachment":[{"href":"https:\/\/manuevasion.com\/index.php?rest_route=%2Fwp%2Fv2%2Fmedia&parent=340"}],"curies":[{"name":"wp","href":"https:\/\/api.w.org\/{rel}","templated":true}]}}