{"id":2846,"date":"2022-06-24T17:06:35","date_gmt":"2022-06-24T15:06:35","guid":{"rendered":"https:\/?page_id=2846"},"modified":"2025-09-08T14:16:05","modified_gmt":"2025-09-08T12:16:05","slug":"galerie-dimages-souvenirs","status":"publish","type":"page","link":"https:\/\/manuevasion.com\/?page_id=2846","title":{"rendered":"Galerie d&rsquo;images souvenirs"},"content":{"rendered":"\n<h2 class=\"wp-block-heading\">2024<\/h2>\n\n\n\n<marquee>\u26a0\ufe0f Utilisation des photos\nLes images disponibles sur manuevasion.com peuvent \u00eatre t\u00e9l\u00e9charg\u00e9es uniquement \u00e0 usage priv\u00e9.\nToute diffusion sur les r\u00e9seaux sociaux ou autre plateforme publique est strictement interdite.\nMerci de respecter ce cadre.<\/marquee>\n\n\n\n<figure class=\"wp-block-gallery has-nested-images columns-default is-cropped wp-block-gallery-1 is-layout-flex wp-block-gallery-is-layout-flex\">\n<figure class=\"wp-block-image size-large is-style-zoooom\"><img loading=\"lazy\" decoding=\"async\" width=\"1024\" height=\"680\" data-id=\"4481\" src=\"https:\/\/manuevasion.com\/wp-content\/uploads\/2025\/09\/groupe-Maroc-2024-1024x680.jpg\" alt=\"\" class=\"wp-image-4481\" srcset=\"https:\/\/manuevasion.com\/wp-content\/uploads\/2025\/09\/groupe-Maroc-2024-1024x680.jpg 1024w, https:\/\/manuevasion.com\/wp-content\/uploads\/2025\/09\/groupe-Maroc-2024-300x199.jpg 300w, https:\/\/manuevasion.com\/wp-content\/uploads\/2025\/09\/groupe-Maroc-2024-768x510.jpg 768w, https:\/\/manuevasion.com\/wp-content\/uploads\/2025\/09\/groupe-Maroc-2024-1536x1020.jpg 1536w, https:\/\/manuevasion.com\/wp-content\/uploads\/2025\/09\/groupe-Maroc-2024-2048x1360.jpg 2048w\" sizes=\"auto, (max-width: 1024px) 100vw, 1024px\" \/><\/figure>\n<\/figure>\n\n\n\n<p><\/p>\n<!--CusAds0-->\n<div style=\"font-size: 0px; height: 0px; line-height: 0px; margin: 0; padding: 0; clear: both;\"><\/div>","protected":false},"excerpt":{"rendered":"<p>2024 \u26a0\ufe0f Utilisation des photos Les images disponibles sur manuevasion.com peuvent \u00eatre t\u00e9l\u00e9charg\u00e9es uniquement \u00e0 usage priv\u00e9. Toute diffusion sur les r\u00e9seaux sociaux ou autre plateforme publique est strictement interdite. Merci de respecter ce cadre.<\/p>\n","protected":false},"author":1,"featured_media":0,"parent":0,"menu_order":0,"comment_status":"closed","ping_status":"closed","template":"","meta":{"_themeisle_gutenberg_block_has_review":false,"h5ap_radio_sources":[],"footnotes":""},"class_list":["post-2846","page","type-page","status-publish","hentry","without-featured-image"],"_links":{"self":[{"href":"https:\/\/manuevasion.com\/index.php?rest_route=\/wp\/v2\/pages\/2846","targetHints":{"allow":["GET"]}}],"collection":[{"href":"https:\/\/manuevasion.com\/index.php?rest_route=\/wp\/v2\/pages"}],"about":[{"href":"https:\/\/manuevasion.com\/index.php?rest_route=\/wp\/v2\/types\/page"}],"author":[{"embeddable":true,"href":"https:\/\/manuevasion.com\/index.php?rest_route=\/wp\/v2\/users\/1"}],"replies":[{"embeddable":true,"href":"https:\/\/manuevasion.com\/index.php?rest_route=%2Fwp%2Fv2%2Fcomments&post=2846"}],"version-history":[{"count":0,"href":"https:\/\/manuevasion.com\/index.php?rest_route=\/wp\/v2\/pages\/2846\/revisions"}],"wp:attachment":[{"href":"https:\/\/manuevasion.com\/index.php?rest_route=%2Fwp%2Fv2%2Fmedia&parent=2846"}],"curies":[{"name":"wp","href":"https:\/\/api.w.org\/{rel}","templated":true}]}}