{"id":2471,"date":"2023-12-18T15:56:00","date_gmt":"2023-12-18T14:56:00","guid":{"rendered":"https:\/?page_id=2471"},"modified":"2025-10-31T18:25:41","modified_gmt":"2025-10-31T17:25:41","slug":"voyages-2023-2","status":"publish","type":"page","link":"https:\/\/manuevasion.com\/?page_id=2471","title":{"rendered":"Voyages 2025"},"content":{"rendered":"\n<marquee direction=\"left\" behavior=\"scroll\" scrollamount=\"9\" style=\"height:50px;width:800px;background-color:#ff80df;font-family:Cursive;font-size:22pt;color:#0023b0;font-weight:bold;border-width:6;border-style:double;border-color:#68004d;text-align:center; \" > Ces deux voyages se sont magnifiquement d\u00e9roul\u00e9s, un grand merci \u00e0 Elodie notre commerciale Verdi\u00e9 Voyages, aux deux Guides Kari en Norv\u00e8ge et Sara en Italie, aux r\u00e9ceptifs  qui ont \u00e9labor\u00e9 ces voyages dans le pays concern\u00e9.   <\/marquee>\n\n\n\n<div class=\"wp-block-comments\"><h2 id=\"comments\" class=\"wp-block-comments-title\">Une r\u00e9ponse \u00e0 &#8220;Voyages 2025&#8221;<\/h2>\n\n<ol class=\"wp-block-comment-template\"><li id=\"comment-202\" class=\"comment even thread-even depth-1\">\n\n<div class=\"wp-block-columns is-layout-flex wp-container-core-columns-is-layout-9d6595d7 wp-block-columns-is-layout-flex\">\n<div class=\"wp-block-column is-layout-flow wp-block-column-is-layout-flow\" style=\"flex-basis:40px\"><div class=\"wp-block-avatar\">  <\/div><\/div>\n\n\n\n<div class=\"wp-block-column is-layout-flow wp-block-column-is-layout-flow\"><div class=\"wp-block-comment-author-name has-small-font-size\">Eliane A<\/div>\n\n\n<div class=\"wp-block-group is-layout-flex wp-block-group-is-layout-flex\" style=\"margin-top:0px;margin-bottom:0px\"><div class=\"wp-block-comment-date has-small-font-size\"><time datetime=\"2025-11-02T11:03:43+01:00\"><a href=\"https:\/\/manuevasion.com\/?page_id=2471#comment-202\">2 novembre 2025<\/a><\/time><\/div>\n\n<\/div>\n\n\n<div class=\"wp-block-comment-content\"><p>Agr\u00e9ablement surprise par la beaut\u00e9 des fjords norv\u00e9giens et ses fabuleux paysages. Un <strong>plus<\/strong> pour la ville de Bergen, que j&rsquo;ai beaucoup appr\u00e9ci\u00e9e. Pour moi, il fait partie du top de mes voyages pr\u00e9f\u00e9r\u00e9s.<\/p>\n<\/div>\n\n<\/div>\n<\/div>\n\n<\/li><\/ol>\n\n\n\n\t<div id=\"respond\" class=\"comment-respond wp-block-post-comments-form\">\n\t\t<h3 id=\"reply-title\" class=\"comment-reply-title\">Laisser un commentaire<\/h3><form action=\"https:\/\/manuevasion.com\/wp-comments-post.php\" method=\"post\" id=\"commentform\" class=\"comment-form\"><p class=\"comment-notes\"><span id=\"email-notes\">Votre adresse e-mail ne sera pas publi\u00e9e.<\/span> <span class=\"required-field-message\">Les champs obligatoires sont indiqu\u00e9s avec <span class=\"required\">*<\/span><\/span><\/p><p class=\"comment-form-comment\"><label for=\"comment\">Commentaire <span class=\"required\">*<\/span><\/label> <textarea id=\"comment\" name=\"comment\" cols=\"45\" rows=\"8\" maxlength=\"65525\" required><\/textarea><\/p><p class=\"comment-form-author\"><label for=\"author\">Nom <span class=\"required\">*<\/span><\/label> <input id=\"author\" name=\"author\" type=\"text\" value=\"\" size=\"30\" maxlength=\"245\" autocomplete=\"name\" required \/><\/p>\n<p class=\"comment-form-email\"><label for=\"email\">E-mail <span class=\"required\">*<\/span><\/label> <input id=\"email\" name=\"email\" type=\"email\" value=\"\" size=\"30\" maxlength=\"100\" aria-describedby=\"email-notes\" autocomplete=\"email\" required \/><\/p>\n<p class=\"comment-form-url\"><label for=\"url\">Site web<\/label> <input id=\"url\" name=\"url\" type=\"url\" value=\"\" size=\"30\" maxlength=\"200\" autocomplete=\"url\" \/><\/p>\n<p class=\"form-submit\"><input name=\"submit\" type=\"submit\" id=\"submit\" class=\"submit\" value=\"Laisser un commentaire\" \/> <input type='hidden' name='comment_post_ID' value='2471' id='comment_post_ID' \/>\n<input type='hidden' name='comment_parent' id='comment_parent' value='0' \/>\n<\/p><\/form>\t<\/div><!-- #respond -->\n\t<\/div>\n\n\n\n<h2 class=\"wp-block-heading\">Dates officielles voyages <strong>Norv\u00e8ge\u00a0: du 31 ao\u00fbt au 07 septembre 2025<\/strong><\/h2>\n\n\n\n<iframe loading=\"lazy\" src=\"https:\/\/www.facebook.com\/plugins\/post.php?href=https%3A%2F%2Fwww.facebook.com%2Fmanu.evasion.9%2Fposts%2Fpfbid0gzdaB4fvJGSEWvE2Ai9Y3ier7AonzYewVht4QZMaqrk7k5XMd7NLkUqAfYzDRrJTl&#038;show_text=true&#038;width=500\" width=\"500\" height=\"726\" style=\"border:none;overflow:hidden\" scrolling=\"no\" frameborder=\"0\" allowfullscreen=\"true\" allow=\"autoplay; clipboard-write; encrypted-media; picture-in-picture; web-share\"><\/iframe>\n\n\n        <div id=\"ep-gutenberg-content-619ae1c34cc580c25370e3ea11bbd681\" class=\"ep-gutenberg-content aligncenter ep-percentage-width   ep-content-protection-disabled\">\n            <div class=\"embedpress-inner-iframe emebedpress-unit-percent ep-doc-619ae1c34cc580c25370e3ea11bbd681\" style=\"max-width:600%\" id=\"embedpress-pdf-1734253898554\">\n                <div >\n                    <div class=\"ep-embed-content-wraper\"><div class=\"position-right-wraper gutenberg-pdf-wraper\"><iframe title=\"Programme Norvege des fjords aux glacier\" class=\"embedpress-embed-document-pdf embedpress-pdf-1734253898554\" style=\"width:600%;height:600px; max-width:100%; display: inline-block\" src=\"https:\/\/manuevasion.com\/wp-admin\/admin-ajax.php?action=get_viewer&#038;file=https%3A%2F%2Fmanuevasion.com%2Fwp-content%2Fuploads%2F2024%2F12%2FProgramme-Norvege-des-fjords-aux-glacier-1-2.pdf#key=dGhlbWVNb2RlPWRlZmF1bHQmdG9vbGJhcj10cnVlJnBvc2l0aW9uPXRvcCZwcmVzZW50YXRpb249dHJ1ZSZsYXp5TG9hZD1mYWxzZSZkb3dubG9hZD10cnVlJmNvcHlfdGV4dD10cnVlJmFkZF90ZXh0PXRydWUmZHJhdz1mYWxzZSZkb2Nfcm90YXRpb249dHJ1ZSZhZGRfaW1hZ2U9dHJ1ZSZkb2NfZGV0YWlscz10cnVlJnpvb21faW49dHJ1ZSZ6b29tX291dD10cnVlJmZpdF92aWV3PXRydWUmYm9va21hcms9dHJ1ZSZmbGlwYm9va190b29sYmFyX3Bvc2l0aW9uPWJvdHRvbSZzZWxlY3Rpb25fdG9vbD0wJnNjcm9sbGluZz0tMSZzcHJlYWRzPS0xJndhdGVybWFya190ZXh0PSZ3YXRlcm1hcmtfZm9udF9zaXplPTQ4JndhdGVybWFya19jb2xvcj0lMjMwMDAwMDAmd2F0ZXJtYXJrX29wYWNpdHk9MTUmd2F0ZXJtYXJrX3N0eWxlPWNlbnRlcg==\" frameborder=\"0\" oncontextmenu=\"return false;\"><\/iframe> <p class=\"embedpress-el-powered\">Powered By EmbedPress<\/p><\/div><\/div>                <\/div>\n            <\/div>\n        <\/div>\n    \n\n\n<div style=\"height:100px\" aria-hidden=\"true\" class=\"wp-block-spacer\"><\/div>\n\n\n\n<h2 class=\"wp-block-heading\"><strong>Dates officielles voyage Italie Les Pouilles: du 29 septembre au 06 octobre 2025<\/strong><\/h2>\n\n\n\n<iframe loading=\"lazy\" src=\"https:\/\/www.facebook.com\/plugins\/post.php?href=https%3A%2F%2Fwww.facebook.com%2Fmanu.evasion.9%2Fposts%2Fpfbid02wjJrXvKzHdncfjKvEatbhzJqhZfwK4sfHQz9JeCs2eHH5NgG15GuYLYE9WMrpMZtl&#038;show_text=true&#038;width=500\" width=\"500\" height=\"600\" style=\"border:none;overflow:hidden\" scrolling=\"no\" frameborder=\"0\" allowfullscreen=\"true\" allow=\"autoplay; clipboard-write; encrypted-media; picture-in-picture; web-share\"><\/iframe>\n\n\n        <div id=\"ep-gutenberg-content-0553afc22de716a76903cdb0c770a34d\" class=\"ep-gutenberg-content aligncenter ep-percentage-width   ep-content-protection-disabled\">\n            <div class=\"embedpress-inner-iframe emebedpress-unit-percent ep-doc-0553afc22de716a76903cdb0c770a34d\" style=\"max-width:600%\" id=\"embedpress-pdf-1734254015701\">\n                <div >\n                    <div class=\"ep-embed-content-wraper\"><div class=\"position-right-wraper gutenberg-pdf-wraper\"><iframe title=\"Programme Les Pouilles\" class=\"embedpress-embed-document-pdf embedpress-pdf-1734254015701\" style=\"width:600%;height:600px; max-width:100%; display: inline-block\" src=\"https:\/\/manuevasion.com\/wp-admin\/admin-ajax.php?action=get_viewer&#038;file=https%3A%2F%2Fmanuevasion.com%2Fwp-content%2Fuploads%2F2024%2F12%2FProgramme-Les-Pouilles-1-1.pdf#key=dGhlbWVNb2RlPWRlZmF1bHQmdG9vbGJhcj10cnVlJnBvc2l0aW9uPXRvcCZwcmVzZW50YXRpb249dHJ1ZSZsYXp5TG9hZD1mYWxzZSZkb3dubG9hZD10cnVlJmNvcHlfdGV4dD10cnVlJmFkZF90ZXh0PXRydWUmZHJhdz1mYWxzZSZkb2Nfcm90YXRpb249dHJ1ZSZhZGRfaW1hZ2U9dHJ1ZSZkb2NfZGV0YWlscz10cnVlJnpvb21faW49dHJ1ZSZ6b29tX291dD10cnVlJmZpdF92aWV3PXRydWUmYm9va21hcms9dHJ1ZSZmbGlwYm9va190b29sYmFyX3Bvc2l0aW9uPWJvdHRvbSZzZWxlY3Rpb25fdG9vbD0wJnNjcm9sbGluZz0tMSZzcHJlYWRzPS0xJndhdGVybWFya190ZXh0PSZ3YXRlcm1hcmtfZm9udF9zaXplPTQ4JndhdGVybWFya19jb2xvcj0lMjMwMDAwMDAmd2F0ZXJtYXJrX29wYWNpdHk9MTUmd2F0ZXJtYXJrX3N0eWxlPWNlbnRlcg==\" frameborder=\"0\" oncontextmenu=\"return false;\"><\/iframe> <p class=\"embedpress-el-powered\">Powered By EmbedPress<\/p><\/div><\/div>                <\/div>\n            <\/div>\n        <\/div>\n    \n\n\n<div class=\"wp-block-buttons is-layout-flex wp-block-buttons-is-layout-flex\"><\/div>\n\n\n\n<hr class=\"wp-block-separator has-alpha-channel-opacity\"\/>\n\n\n\n<h2 class=\"wp-block-heading\">Appelez-nous : 06 95 14 84 14<\/h2>\n\n\n\n<p><\/p>\n\n\n\n<p><\/p>\n\n\n\n<p><\/p>\n\n\n\n<p><\/p>\n\n\n\n<p><\/p>\n\n\n\n<p><\/p>\n\n\n\n<p><\/p>\n\n\n\n<p><\/p>\n\n\n\n<p><\/p>\n\n\n\n<p><\/p>\n<!--CusAds0-->\n<div style=\"font-size: 0px; height: 0px; line-height: 0px; margin: 0; padding: 0; clear: both;\"><\/div>","protected":false},"excerpt":{"rendered":"<p>Ces deux voyages se sont magnifiquement d\u00e9roul\u00e9s, un grand merci \u00e0 Elodie notre commerciale Verdi\u00e9 Voyages, aux deux Guides Kari en Norv\u00e8ge et Sara en Italie, aux r\u00e9ceptifs qui ont \u00e9labor\u00e9 ces voyages dans le pays concern\u00e9. Dates officielles voyages Norv\u00e8ge\u00a0: du 31 ao\u00fbt au 07 septembre 2025 Dates officielles voyage Italie Les Pouilles: du&hellip; <a href=\"https:\/\/manuevasion.com\/?page_id=2471\" class=\"more-link\">Lire la suite <span class=\"screen-reader-text\">Voyages 2025<\/span><\/a><\/p>\n","protected":false},"author":1,"featured_media":0,"parent":0,"menu_order":0,"comment_status":"open","ping_status":"closed","template":"templates\/full-width-page.php","meta":{"_themeisle_gutenberg_block_has_review":false,"h5ap_radio_sources":[],"footnotes":""},"class_list":["post-2471","page","type-page","status-publish","hentry","without-featured-image"],"_links":{"self":[{"href":"https:\/\/manuevasion.com\/index.php?rest_route=\/wp\/v2\/pages\/2471","targetHints":{"allow":["GET"]}}],"collection":[{"href":"https:\/\/manuevasion.com\/index.php?rest_route=\/wp\/v2\/pages"}],"about":[{"href":"https:\/\/manuevasion.com\/index.php?rest_route=\/wp\/v2\/types\/page"}],"author":[{"embeddable":true,"href":"https:\/\/manuevasion.com\/index.php?rest_route=\/wp\/v2\/users\/1"}],"replies":[{"embeddable":true,"href":"https:\/\/manuevasion.com\/index.php?rest_route=%2Fwp%2Fv2%2Fcomments&post=2471"}],"version-history":[{"count":0,"href":"https:\/\/manuevasion.com\/index.php?rest_route=\/wp\/v2\/pages\/2471\/revisions"}],"wp:attachment":[{"href":"https:\/\/manuevasion.com\/index.php?rest_route=%2Fwp%2Fv2%2Fmedia&parent=2471"}],"curies":[{"name":"wp","href":"https:\/\/api.w.org\/{rel}","templated":true}]}}